{"id":16,"date":"2018-12-09T19:47:07","date_gmt":"2018-12-09T19:47:07","guid":{"rendered":"http:\/\/manumension.de\/?page_id=16"},"modified":"2023-01-29T15:00:58","modified_gmt":"2023-01-29T15:00:58","slug":"manuweb","status":"publish","type":"page","link":"https:\/\/manumension.de\/?page_id=16","title":{"rendered":"manuWeb"},"content":{"rendered":"\n<p class=\"has-medium-font-size\"><strong>webdesign<\/strong><\/p>\n\n\n\n<p>Nach einer Selbstst\u00e4ndigkeit als Webdesigner,&nbsp;erstellte&nbsp;ich&nbsp;nur noch aus Spa\u00df und Interesse am Programmieren,&nbsp;Internetseiten f\u00fcr Freunde und Freundesfreunde.<\/p>\n\n\n\n<p>Es machte mir Spass, daran zu arbeiten, zu entwickeln und auch Neues kennen zu lernen.<\/p>\n\n\n\n<p>Von mir erstellte Webseiten, gestaltet, programmiert oder beides, kann man hier&nbsp;sehen.<\/p>\n\n\n\n<hr class=\"wp-block-separator has-css-opacity\"\/>\n\n\n\n<hr class=\"wp-block-separator has-css-opacity\"\/>\n\n\n\n<div class=\"wp-block-group\"><div class=\"wp-block-group__inner-container is-layout-constrained wp-block-group-is-layout-constrained\">\n<div class=\"wp-block-media-text is-stacked-on-mobile\" style=\"grid-template-columns:36% auto\"><figure class=\"wp-block-media-text__media\"><img loading=\"lazy\" decoding=\"async\" width=\"216\" height=\"61\" src=\"http:\/\/manumension.de\/wp-content\/uploads\/2018\/12\/Gebra.png\" alt=\"\" class=\"wp-image-9 size-full\"\/><\/figure><div class=\"wp-block-media-text__content\">\n<p class=\"has-medium-font-size\"><a href=\"http:\/\/www.gebra.com\" target=\"_blank\" rel=\"noreferrer noopener\" aria-label=\"Kunststoffverarbeitung (\u00f6ffnet in neuem Tab)\">Kunststoffverarbeitung<\/a><\/p>\n<\/div><\/div>\n<\/div><\/div>\n\n\n\n<hr class=\"wp-block-separator has-css-opacity\"\/>\n\n\n\n<div class=\"wp-block-group\"><div class=\"wp-block-group__inner-container is-layout-constrained wp-block-group-is-layout-constrained\">\n<div class=\"wp-block-media-text is-stacked-on-mobile\" style=\"grid-template-columns:36% auto\"><figure class=\"wp-block-media-text__media\"><img loading=\"lazy\" decoding=\"async\" width=\"250\" height=\"250\" src=\"http:\/\/manumension.de\/wp-content\/uploads\/2018\/12\/HUW.png\" alt=\"\" class=\"wp-image-11 size-full\" srcset=\"https:\/\/manumension.de\/wp-content\/uploads\/2018\/12\/HUW.png 250w, https:\/\/manumension.de\/wp-content\/uploads\/2018\/12\/HUW-150x150.png 150w\" sizes=\"auto, (max-width: 250px) 100vw, 250px\" \/><\/figure><div class=\"wp-block-media-text__content\">\n<p class=\"has-medium-font-size\"><a rel=\"noreferrer noopener\" aria-label=\"H. U. Warnicke (\u00f6ffnet in neuem Tab)\" href=\"http:\/\/www.acrylicballads.de\" target=\"_blank\">H. U. Warnicke , K\u00fcnstler<\/a><\/p>\n<\/div><\/div>\n<\/div><\/div>\n\n\n\n<hr class=\"wp-block-separator has-css-opacity\"\/>\n\n\n\n<div class=\"wp-block-group alignwide\"><div class=\"wp-block-group__inner-container is-layout-constrained wp-block-group-is-layout-constrained\">\n<div class=\"wp-block-media-text alignwide is-stacked-on-mobile\" style=\"grid-template-columns:36% auto\"><figure class=\"wp-block-media-text__media\"><img loading=\"lazy\" decoding=\"async\" width=\"149\" height=\"33\" src=\"http:\/\/manumension.de\/wp-content\/uploads\/2018\/12\/nightowls_link.jpg\" alt=\"\" class=\"wp-image-93 size-full\"\/><\/figure><div class=\"wp-block-media-text__content\">\n<p class=\"has-medium-font-size\"><a href=\"http:\/\/www.nightowls.de\" target=\"_blank\" rel=\"noreferrer noopener\" aria-label=\"Showband (\u00f6ffnet in neuem Tab)\">Showband<\/a><\/p>\n<\/div><\/div>\n<\/div><\/div>\n","protected":false},"excerpt":{"rendered":"<p>webdesign Nach einer Selbstst\u00e4ndigkeit als Webdesigner,&nbsp;erstellte&nbsp;ich&nbsp;nur noch aus Spa\u00df und Interesse am Programmieren,&nbsp;Internetseiten f\u00fcr Freunde und Freundesfreunde. Es machte mir Spass, daran zu arbeiten, zu entwickeln und auch Neues kennen zu lernen. Von mir erstellte Webseiten, gestaltet, programmiert oder beides, kann man hier&nbsp;sehen. Kunststoffverarbeitung H. U. Warnicke , K\u00fcnstler Showband<\/p>\n","protected":false},"author":1,"featured_media":0,"parent":0,"menu_order":0,"comment_status":"closed","ping_status":"closed","template":"","meta":{"footnotes":""},"class_list":["post-16","page","type-page","status-publish","hentry"],"_links":{"self":[{"href":"https:\/\/manumension.de\/index.php?rest_route=\/wp\/v2\/pages\/16","targetHints":{"allow":["GET"]}}],"collection":[{"href":"https:\/\/manumension.de\/index.php?rest_route=\/wp\/v2\/pages"}],"about":[{"href":"https:\/\/manumension.de\/index.php?rest_route=\/wp\/v2\/types\/page"}],"author":[{"embeddable":true,"href":"https:\/\/manumension.de\/index.php?rest_route=\/wp\/v2\/users\/1"}],"replies":[{"embeddable":true,"href":"https:\/\/manumension.de\/index.php?rest_route=%2Fwp%2Fv2%2Fcomments&post=16"}],"version-history":[{"count":9,"href":"https:\/\/manumension.de\/index.php?rest_route=\/wp\/v2\/pages\/16\/revisions"}],"predecessor-version":[{"id":148,"href":"https:\/\/manumension.de\/index.php?rest_route=\/wp\/v2\/pages\/16\/revisions\/148"}],"wp:attachment":[{"href":"https:\/\/manumension.de\/index.php?rest_route=%2Fwp%2Fv2%2Fmedia&parent=16"}],"curies":[{"name":"wp","href":"https:\/\/api.w.org\/{rel}","templated":true}]}}