{"id":17,"date":"2018-12-09T19:47:07","date_gmt":"2018-12-09T19:47:07","guid":{"rendered":"http:\/\/manumension.de\/?page_id=17"},"modified":"2024-01-03T15:45:27","modified_gmt":"2024-01-03T15:45:27","slug":"impressum","status":"publish","type":"page","link":"https:\/\/manumension.de\/?page_id=17","title":{"rendered":"Impressum"},"content":{"rendered":"\n<p>Manuel H\u00f6pfner, Gau\u00dfstr. 37, 50767 K\u00f6ln<\/p>\n\n\n\n<p>Tel.: &nbsp;K\u00f6ln-95313239<\/p>\n\n\n\n<p>Bei Fragen, Anregungen oder Kritik&nbsp;wenden Sie sich bitte an folgende Mail-Adresse:<\/p>\n\n\n\n<p>manuel@manumension.de<\/p>\n\n\n\n<p>Haftungsausschlu\u00df<\/p>\n\n\n\n<p>1. Zum Inhalt im Internet<br>Der Verfasser \u00fcbernimmt keinerlei Gew\u00e4hr f\u00fcr die Aktualit\u00e4t, Korrektheit oder Qualit\u00e4t der bereitgestellten Informationen. Haftungsanspr\u00fcche gegen den Verfasser, welche sich auf Sch\u00e4den materieller oder ideeller Art beziehen, die durch die Nutzung oder Nichtnutzung der bereitgestellten Informationen bzw. durch die Nutzung fehlerhafter und unvollst\u00e4ndiger Informationen verursacht wurden, sind grunds\u00e4tzlich ausgeschlossen, sofern seitens des Verfassers kein nachweislich vors\u00e4tzliches oder grob fahrl\u00e4ssiges Verschulden vorliegt. Alle Informationen und Angebote sind frei bleibend und unverbindlich. Der Verfasser beh\u00e4lt sich ausdr\u00fccklich vor, Teile dieses Informationsangebots ohne gesonderte Ank\u00fcndigung zu ver\u00e4ndern, zu erg\u00e4nzen, zu l\u00f6schen oder die Ver\u00f6ffentlichung zeitweise einzustellen.<\/p>\n\n\n\n<p>2. Fremde Webseiten\/Links<br>Bei Verweisen auf andere Webseiten\/Links, die au\u00dferhalb des Verantwortungsbe reichs des Verfassers liegen, w\u00fcrde eine Haftungsverpflichtung nur in dem Fall in Kraft treten, sofern der Verfasser von den Inhalten Kenntnis hat und es ihm technisch m\u00f6glich und zumutbar w\u00e4re, die Nutzung im Falle rechtswidriger Inhalte zu verhindern. Der Verfasser erkl\u00e4rt hiermit ausdr\u00fccklich, dass zum Zeitpunkt der Linksetzung keine illegalen Inhalte auf den entsprechenden Seiten erkennbar waren. Auf die aktuelle bzw. zuk\u00fcnftige Gestaltung, die Inhalte oder die Urheberschaft der verlinkten Seiten hat der Verfasser keinerlei Einfluss und distanziert sich hiermit gleichzeitig ausdr\u00fccklich von allen Inhalten der verlinkten Seiten, die nach Linksetzung ver\u00e4ndert wurden. Diese Feststellung gilt insbesondere f\u00fcr alle gesetzten Links und Verweise innerhalb des eigenen dargestellten Informationsangebotes sowie f\u00fcr Fremdeintr\u00e4ge in der vom Verfasser eingerichteten Mailinglist. F\u00fcr illegale, fehlerhafte oder unvollst\u00e4ndige Inhalte und damit verbundenen m\u00f6glichen Sch\u00e4den, die aus der Nutzung oder Nichtnutzung solcherart von Informationen entstehen, haftet allein der Anbieter der Seite, auf welche verwiesen wurde und damit nicht der Verweiser selbst. Die Links werden regelm\u00e4\u00dfig auf rechtswidrige Inhalte \u00fcberpr\u00fcft und bei Rechtsverletzungen soweit technisch m\u00f6glich unverz\u00fcglich entfernt.<\/p>\n\n\n\n<p>3. Urheber- und Kennzeichenrecht<br>Der Verfasser ist bestrebt, in diesem Internetangebot die Urheberrechte der ver wendeten Tondokumente und Texte zu beachten, von ihm selbst erstellte Tondokumente und Texte zu nutzen oder auf lizenzfreie Tondokumente und Texte zur\u00fcckzugreifen. Das Copyright f\u00fcr ver\u00f6ffentlichte, vom Verfasser selbst erstellte Objekte bleibt allein beim Verfasser des Informationsangebotes. Eine Vervielf\u00e4ltigung oder Verwendung der selbst erstellten Objekte in anderen elektronischen oder gedruckten Ver\u00f6ffent lichungen ist ohne ausdr\u00fcckliche Zustimmung des Verfassers nicht gestattet.<\/p>\n\n\n\n<p>4. Datenschutz<br>Bei Eingabe pers\u00f6nlicher oder gesch\u00e4ftlicher Daten (Emailadressen, Namen, Anschriften) erfolgt die Preisgabe dieser Daten seitens des Nutzers ausdr\u00fccklich auf freiwilliger Basis. Die Nutzung der im Rahmen des Impressums ver\u00f6ffentlichten Kontaktdaten wie Postanschriften, Telefon- und Faxnummern sowie Emailadressen durch Dritte zur \u00dcbersendung von nicht ausdr\u00fccklich angeforderten Informationen ist nicht gestattet. Rechtliche Schritte gegen die Versender von sogenannten SpamMails bei Verst\u00f6ssen gegen diese Verbot sind ausdr\u00fccklich vorbehalten.<\/p>\n\n\n\n<p>5. Rechtswirksamkeit dieses Haftungsausschlusses<br>Dieser Haftungsausschluss ist als Teil des Internetangebotes zu betrachten, von dem aus auf diese Seite verwiesen wurde. Sofern Teile oder einzelne Formulierungen dieses Textes der geltenden Rechtslage nicht, nicht mehr oder nicht vollst\u00e4ndig entsprechen sollten, bleiben die \u00fcbrigen Teile des Dokumentes in ihrem Inhalt und ihrer G\u00fcltigkeit davon unber\u00fchrt.<\/p>\n\n\n\n<p>Stand 2024<\/p>\n","protected":false},"excerpt":{"rendered":"<p>Manuel H\u00f6pfner, Gau\u00dfstr. 37, 50767 K\u00f6ln Tel.: &nbsp;K\u00f6ln-95313239 Bei Fragen, Anregungen oder Kritik&nbsp;wenden Sie sich bitte an folgende Mail-Adresse: manuel@manumension.de Haftungsausschlu\u00df 1. Zum Inhalt im InternetDer Verfasser \u00fcbernimmt keinerlei Gew\u00e4hr f\u00fcr die Aktualit\u00e4t, Korrektheit oder Qualit\u00e4t der bereitgestellten Informationen. Haftungsanspr\u00fcche gegen den Verfasser, welche sich auf Sch\u00e4den materieller oder ideeller Art beziehen, die durch die &hellip; <a href=\"https:\/\/manumension.de\/?page_id=17\" class=\"more-link\"><span class=\"screen-reader-text\">Impressum<\/span> weiterlesen <span class=\"meta-nav\">&rarr;<\/span><\/a><\/p>\n","protected":false},"author":1,"featured_media":0,"parent":0,"menu_order":0,"comment_status":"closed","ping_status":"closed","template":"","meta":{"footnotes":""},"class_list":["post-17","page","type-page","status-publish","hentry"],"_links":{"self":[{"href":"https:\/\/manumension.de\/index.php?rest_route=\/wp\/v2\/pages\/17","targetHints":{"allow":["GET"]}}],"collection":[{"href":"https:\/\/manumension.de\/index.php?rest_route=\/wp\/v2\/pages"}],"about":[{"href":"https:\/\/manumension.de\/index.php?rest_route=\/wp\/v2\/types\/page"}],"author":[{"embeddable":true,"href":"https:\/\/manumension.de\/index.php?rest_route=\/wp\/v2\/users\/1"}],"replies":[{"embeddable":true,"href":"https:\/\/manumension.de\/index.php?rest_route=%2Fwp%2Fv2%2Fcomments&post=17"}],"version-history":[{"count":4,"href":"https:\/\/manumension.de\/index.php?rest_route=\/wp\/v2\/pages\/17\/revisions"}],"predecessor-version":[{"id":151,"href":"https:\/\/manumension.de\/index.php?rest_route=\/wp\/v2\/pages\/17\/revisions\/151"}],"wp:attachment":[{"href":"https:\/\/manumension.de\/index.php?rest_route=%2Fwp%2Fv2%2Fmedia&parent=17"}],"curies":[{"name":"wp","href":"https:\/\/api.w.org\/{rel}","templated":true}]}}